{"id":4,"date":"2020-11-14T10:39:37","date_gmt":"2020-11-14T10:39:37","guid":{"rendered":"https:\/\/immobilienankauf-muensterland.de\/?page_id=4"},"modified":"2024-08-08T09:45:52","modified_gmt":"2024-08-08T09:45:52","slug":"willkommen-auf-https-immobilienankauf-muensterland-de-2","status":"publish","type":"page","link":"https:\/\/immobilienankauf-muensterland.de\/","title":{"rendered":""},"content":{"rendered":"\n<figure class=\"wp-block-image size-full is-style-rounded\"><img loading=\"lazy\" decoding=\"async\" width=\"1400\" height=\"500\" src=\"https:\/\/immobilienankauf-muensterland.de\/wp-content\/uploads\/2022\/05\/Ein-bisschen-Text-hinzufuegen.png\" alt=\"\" class=\"wp-image-401\" srcset=\"https:\/\/immobilienankauf-muensterland.de\/wp-content\/uploads\/2022\/05\/Ein-bisschen-Text-hinzufuegen.png 1400w, https:\/\/immobilienankauf-muensterland.de\/wp-content\/uploads\/2022\/05\/Ein-bisschen-Text-hinzufuegen-300x107.png 300w, https:\/\/immobilienankauf-muensterland.de\/wp-content\/uploads\/2022\/05\/Ein-bisschen-Text-hinzufuegen-1024x366.png 1024w, https:\/\/immobilienankauf-muensterland.de\/wp-content\/uploads\/2022\/05\/Ein-bisschen-Text-hinzufuegen-768x274.png 768w\" sizes=\"auto, (max-width: 1400px) 100vw, 1400px\" \/><\/figure>\n\n\n\n<h2 class=\"wp-block-heading\">Warum sind wir die perfekten K\u00e4ufer f\u00fcr Ihre Immobilie?<\/h2>\n\n\n\n<p>Durch unsere Erfahrungen garantieren wir Ihnen eine schnelle sowie professionelle Abwicklung mit einer sehr hohen Diskretion. Wir realisieren den Ankaufsprozess innerhalb k\u00fcrzester Zeit und sie schaffen dadurch schnell freie Liquidit\u00e4t f\u00fcr Ihr pers\u00f6nliches Vorhaben. Wenn Sie direkt an uns verkaufen, sparen Sie nicht nur die Maklerprovision in H\u00f6he von oft f\u00fcnfstelligen Betr\u00e4gen, sondern haben auch jemanden an der Hand, dem Sie das Objekt nur einmalig vorstellen d\u00fcrfen, anstatt es erst dem Makler und danach den potenziellen Kaufinteressenten in der engeren Auswahl vorzuf\u00fchren. Das bedeutet, dass Sie nicht mehrere Wochen bis Monate mit dem Verkaufsprozess besch\u00e4ftigt sind, sondern ihr Objekt innerhalb von Tagen an uns verkaufen k\u00f6nnen. Neben den Vorteilen, dass Sie keine Provision zahlen und deutlich schneller mit dem Verkauf sind, haben Sie zudem die Chance, uns intensiv kennen zu lernen. So k\u00f6nnen Sie sicher sein, dass Ihre Bestandsmieter in liebevolle H\u00e4nde kommen. <\/p>\n\n\n\n<h1 class=\"wp-block-heading\">Investments in Wohnimmobilien sind unsere Leidenschaft<\/h1>\n\n\n\n<p class=\"has-text-align-left\">Mit dem Kauf unseres ersten Mehrfamilienhauses in der Coesfelder Innenstadt im Jahr 2018 sind wir in das &#8222;kalte Wasser&#8220; gesprungen. Darauf folgten viele weitere Objekte im gesamten M\u00fcnsterland, durch die wir wertvolle Erfahrungen sammeln durften. Immobilien sind eine richtige Leidenschaft geworden und wir lieben es, diese gemeinsam als Familie mit unseren Mitarbeitern durch Sanierungen, Renovierungen und das n\u00f6tige Fingerspitzengef\u00fchl langfristig zu erhalten. Wir m\u00f6chten uns besonders den aktuellen Herausforderungen bez\u00fcglich den notwendigen, zuk\u00fcnftigen Sanierungen der Altbauten stellen! Sehr gerne \u00fcbernehmen wir auch Objekte mit einem Denkmalschutz, weil uns die Erhaltung solch besonderer Objekte am Herzen liegt. <\/p>\n\n\n\n<h1 class=\"wp-block-heading\">Wir suchen Win-Win-Situationen f\u00fcr alle Beteiligten<\/h1>\n\n\n\n<p>Wir haben gro\u00dfes Interesse daran, ihr Mehrfamilienhaus zu \u00fcbernehmen und langfristig zu betreuen. Wir lieben Altbauten und haben viel Freude daran, diese zu entwickeln. Wir sch\u00e4tzen aufrichtige sowie enge Beziehungen zu den Bestandsmietern, sodass diese ein sehr gutes Gef\u00fchl mit dem Verkauf des Objekts haben. Die Immobilien werden von uns als Familie betreut und somit haben die Mieter immer direkt den Eigent\u00fcmer als Ansprechpartner. Zudem gehen wir gerne auf Ihre individuellen W\u00fcnsche ein. Falls Sie zum Beispiel in dem Mehrfamilienhaus nach einem Verkauf in einer der Wohnungen wohnen bleiben m\u00f6chten, w\u00e4re dies nat\u00fcrlich kein Problem f\u00fcr uns. Daf\u00fcr werden im Kaufvertrag sofort die Rahmenbedingungen geschaffen, die Ihnen die Sicherheiten geben, Ihre Immobilie weiterhin langfristig bewohnen zu k\u00f6nnen.<\/p>\n\n\n\n<figure class=\"wp-block-image aligncenter size-large is-resized is-style-rounded\"><img loading=\"lazy\" decoding=\"async\" width=\"1024\" height=\"768\" src=\"https:\/\/immobilienankauf-muensterland.de\/wp-content\/uploads\/2022\/05\/IMG_3403-edited-1024x768.jpg\" alt=\"\" class=\"wp-image-413\" style=\"width:512px;height:384px\" srcset=\"https:\/\/immobilienankauf-muensterland.de\/wp-content\/uploads\/2022\/05\/IMG_3403-edited-1024x768.jpg 1024w, https:\/\/immobilienankauf-muensterland.de\/wp-content\/uploads\/2022\/05\/IMG_3403-edited-300x225.jpg 300w, https:\/\/immobilienankauf-muensterland.de\/wp-content\/uploads\/2022\/05\/IMG_3403-edited-768x576.jpg 768w, https:\/\/immobilienankauf-muensterland.de\/wp-content\/uploads\/2022\/05\/IMG_3403-edited-1536x1152.jpg 1536w, https:\/\/immobilienankauf-muensterland.de\/wp-content\/uploads\/2022\/05\/IMG_3403-edited-2048x1536.jpg 2048w\" sizes=\"auto, (max-width: 1024px) 100vw, 1024px\" \/><figcaption class=\"wp-element-caption\"><em>Wir brennen besonders f\u00fcr Altbauten<\/em><\/figcaption><\/figure>\n\n\n\n<h1 class=\"wp-block-heading\">Wir versprechen Ihnen als Privatinvestoren Folgendes:<\/h1>\n\n\n\n<ul class=\"wp-block-list\">\n<li>Unkomplizierter Kontakt, schnelle R\u00fcckmeldungen und st\u00e4ndige Erreichbarkeit<\/li>\n<\/ul>\n\n\n\n<ul class=\"wp-block-list\">\n<li>Individuelle Erf\u00fcllung Ihrer Bed\u00fcrfnisse und Entwickeln von L\u00f6sungskonzepten f\u00fcr die Herausforderungen in Ihrem Objekt<\/li>\n<\/ul>\n\n\n\n<ul class=\"wp-block-list\">\n<li>Schnelle Vereinbarung eines Besichtigungstermins, wenn das Objekt in unser Raster passt<\/li>\n<\/ul>\n\n\n\n<ul class=\"wp-block-list\">\n<li>Z\u00fcgige Kaufentscheidung f\u00fcr ihr Immobilienangebot<\/li>\n<\/ul>\n\n\n\n<ul class=\"wp-block-list\">\n<li>Strukturierte und solide Finanzierungen, die einen schnellen Ankaufsprozess erm\u00f6glichen -&gt; Und das auch noch problemlos in der aktuellen Zinssituation!<\/li>\n<\/ul>\n\n\n\n<ul class=\"wp-block-list\">\n<li>Vertrauensvolle Zusammenarbeit nach dem Motto: \u201eEin Mann, ein Wort\u201c<\/li>\n<\/ul>\n\n\n\n<h1 class=\"wp-block-heading\">Diese Parameter sind uns wichtig: <\/h1>\n\n\n\n<ul class=\"wp-block-list\">\n<li>Wir suchen Mehrfamilienh\u00e4user, Wohn- und Gesch\u00e4ftsh\u00e4user, Reihenh\u00e4user, Einfamilienh\u00e4user, Doppelhaush\u00e4lften, Grundst\u00fccke, Garagenparks, Parkplatzanlagen &amp; Immobilienpakete<\/li>\n\n\n\n<li>Optimal w\u00e4re ein Standort im M\u00fcnsterland, konkret in den Kreisen Borken, Coesfeld, M\u00fcnster und Steinfurt. Dar\u00fcber hinaus ist auch das Ruhrgebiet (besonders die Stadt Essen im Bereich s\u00fcdlich der A40), die Stadt Osnabr\u00fcck und der Gro\u00dfraum Wuppertal sehr interessant f\u00fcr uns<\/li>\n\n\n\n<li>Wir kaufen nur Objekte auf einem Eigentumsgrundst\u00fcck<\/li>\n<\/ul>\n\n\n\n<h1 class=\"wp-block-heading\">Wir arbeiten sehr gerne mit Privateigent\u00fcmern, Maklern und Tippgebern zusammen<\/h1>\n\n\n\n<p>Kontaktieren Sie uns gerne unverbindlich unter <strong>02867 \/ 2124010 <\/strong>oder schreiben uns eine Nachricht:<\/p>\n\n\n\n<div class=\"wpcf7 no-js\" id=\"wpcf7-f90-o1\" lang=\"de-DE\" dir=\"ltr\" data-wpcf7-id=\"90\">\n<div class=\"screen-reader-response\"><p role=\"status\" aria-live=\"polite\" aria-atomic=\"true\"><\/p> <ul><\/ul><\/div>\n<form action=\"\/index.php?rest_route=%2Fwp%2Fv2%2Fpages%2F4#wpcf7-f90-o1\" method=\"post\" class=\"wpcf7-form init\" aria-label=\"Kontaktformular\" enctype=\"multipart\/form-data\" novalidate=\"novalidate\" data-status=\"init\">\n<fieldset class=\"hidden-fields-container\"><input type=\"hidden\" name=\"_wpcf7\" value=\"90\" \/><input type=\"hidden\" name=\"_wpcf7_version\" value=\"6.1.5\" \/><input type=\"hidden\" name=\"_wpcf7_locale\" value=\"de_DE\" \/><input type=\"hidden\" name=\"_wpcf7_unit_tag\" value=\"wpcf7-f90-o1\" \/><input type=\"hidden\" name=\"_wpcf7_container_post\" value=\"0\" \/><input type=\"hidden\" name=\"_wpcf7_posted_data_hash\" value=\"\" \/><input type=\"hidden\" name=\"_wpcf7_recaptcha_response\" value=\"\" \/>\n<\/fieldset>\n<p><label> Ihr Name (Pflichtfeld)<br \/>\n<span class=\"wpcf7-form-control-wrap\" data-name=\"your-name\"><input size=\"40\" maxlength=\"400\" class=\"wpcf7-form-control wpcf7-text wpcf7-validates-as-required\" aria-required=\"true\" aria-invalid=\"false\" value=\"\" type=\"text\" name=\"your-name\" \/><\/span> <\/label>\n<\/p>\n<p><label> Ihre E-Mail-Adresse<br \/>\n<span class=\"wpcf7-form-control-wrap\" data-name=\"your-email\"><input size=\"40\" maxlength=\"400\" class=\"wpcf7-form-control wpcf7-email wpcf7-text wpcf7-validates-as-email\" aria-invalid=\"false\" value=\"\" type=\"email\" name=\"your-email\" \/><\/span> <\/label>\n<\/p>\n<p><label> Ihre Telefonnummer (Pflichtfeld)<br \/>\n<span class=\"wpcf7-form-control-wrap\" data-name=\"tel-806\"><input size=\"40\" maxlength=\"400\" class=\"wpcf7-form-control wpcf7-tel wpcf7-validates-as-required wpcf7-text wpcf7-validates-as-tel\" aria-required=\"true\" aria-invalid=\"false\" placeholder=\"Ihre Telefonnummer\" value=\"\" type=\"tel\" name=\"tel-806\" \/><\/span><\/label>\n<\/p>\n<p><label> Ihr Immobilienangebot (Pflichtfeld)<br \/>\n<span class=\"wpcf7-form-control-wrap\" data-name=\"your-message\"><textarea cols=\"40\" rows=\"10\" maxlength=\"2000\" class=\"wpcf7-form-control wpcf7-textarea wpcf7-validates-as-required\" aria-required=\"true\" aria-invalid=\"false\" placeholder=\"Bitte beschreiben Sie uns ihr Immobilienangebot mit kurzen Stichpunkten. Zum Beispiel k\u00f6nnen Sie uns Informationen geben zu der Adresse, der gesamten Wohnfl\u00e4che, der Grundst\u00fccksgr\u00f6\u00dfe, der aktuellen Nettojahresmiete sowie zur Kaufpreisvorstellung; Gerne k\u00f6nnen Sie auch einige Fotos der Immobilie an die Nachricht anh\u00e4ngen\" name=\"your-message\"><\/textarea><\/span> <\/label>\n<\/p>\n<p><label> Anhang<br \/>\n<span class=\"wpcf7-form-control-wrap\" data-name=\"Anhang\"><input size=\"40\" class=\"wpcf7-form-control wpcf7-file\" accept=\".pdf,.jpg,.jpeg,.png,.docx,.doc\" aria-invalid=\"false\" type=\"file\" name=\"Anhang\" \/><\/span> <\/label>\n<\/p>\n<p><input class=\"wpcf7-form-control wpcf7-submit has-spinner\" type=\"submit\" value=\"Absenden\" \/>\n<\/p><div class=\"wpcf7-response-output\" aria-hidden=\"true\"><\/div>\n<\/form>\n<\/div>\n\n\n\n\n<h1 class=\"wp-block-heading\">Wir freuen uns auf Sie!<\/h1>\n","protected":false},"excerpt":{"rendered":"<p>Warum sind wir die perfekten K\u00e4ufer f\u00fcr Ihre Immobilie? Durch unsere Erfahrungen garantieren wir Ihnen eine schnelle sowie professionelle Abwicklung mit einer sehr hohen Diskretion. Wir realisieren den Ankaufsprozess innerhalb [&hellip;]<\/p>\n","protected":false},"author":1,"featured_media":0,"parent":0,"menu_order":0,"comment_status":"closed","ping_status":"open","template":"","meta":{"footnotes":""},"class_list":["post-4","page","type-page","status-publish","hentry"],"blocksy_meta":{"styles_descriptor":{"styles":{"desktop":"","tablet":"","mobile":""},"google_fonts":[],"version":6}},"_links":{"self":[{"href":"https:\/\/immobilienankauf-muensterland.de\/index.php?rest_route=\/wp\/v2\/pages\/4","targetHints":{"allow":["GET"]}}],"collection":[{"href":"https:\/\/immobilienankauf-muensterland.de\/index.php?rest_route=\/wp\/v2\/pages"}],"about":[{"href":"https:\/\/immobilienankauf-muensterland.de\/index.php?rest_route=\/wp\/v2\/types\/page"}],"author":[{"embeddable":true,"href":"https:\/\/immobilienankauf-muensterland.de\/index.php?rest_route=\/wp\/v2\/users\/1"}],"replies":[{"embeddable":true,"href":"https:\/\/immobilienankauf-muensterland.de\/index.php?rest_route=%2Fwp%2Fv2%2Fcomments&post=4"}],"version-history":[{"count":83,"href":"https:\/\/immobilienankauf-muensterland.de\/index.php?rest_route=\/wp\/v2\/pages\/4\/revisions"}],"predecessor-version":[{"id":483,"href":"https:\/\/immobilienankauf-muensterland.de\/index.php?rest_route=\/wp\/v2\/pages\/4\/revisions\/483"}],"wp:attachment":[{"href":"https:\/\/immobilienankauf-muensterland.de\/index.php?rest_route=%2Fwp%2Fv2%2Fmedia&parent=4"}],"curies":[{"name":"wp","href":"https:\/\/api.w.org\/{rel}","templated":true}]}}