{"id":36,"date":"2020-11-14T11:38:56","date_gmt":"2020-11-14T11:38:56","guid":{"rendered":"https:\/\/immobilienankauf-muensterland.de\/?page_id=36"},"modified":"2023-10-13T20:03:42","modified_gmt":"2023-10-13T20:03:42","slug":"immobilienankauf-ueber-einen-makler","status":"publish","type":"page","link":"https:\/\/immobilienankauf-muensterland.de\/?page_id=36","title":{"rendered":"Ankauf \u00fcber Makler"},"content":{"rendered":"\n<h2 class=\"wp-block-heading\">Warum sollten Sie als Makler mit uns zusammen arbeiten?<\/h2>\n\n\n\n<p>Wir wertsch\u00e4tzen Ihre Arbeit und sind sehr dankbar daf\u00fcr, wenn Sie mit einem konkreten Immobilienangebot auf uns zukommen. Wir sehen Sie als Makler als unseren Partner an und zahlen Ihre Provision gerne und p\u00fcnktlich sowie in voller H\u00f6he. Wir investieren schon einige Jahre und haben uns dadurch ehrliche sowie solide Kontakte zu unseren Banken aufgebaut. Dadurch bekommen wir schnelle Finanzierungszusagen und k\u00f6nnen einen Ankauf innerhalb k\u00fcrzester Zeit realisieren. <\/p>\n\n\n\n<p>Sie k\u00f6nnen sich auf eine unkomplizierte und ehrliche Zusammenarbeit auf Augenh\u00f6he freuen!<\/p>\n\n\n\n<figure class=\"wp-block-image aligncenter size-large is-resized is-style-rounded\"><img loading=\"lazy\" decoding=\"async\" width=\"1024\" height=\"683\" src=\"https:\/\/immobilienankauf-muensterland.de\/wp-content\/uploads\/2022\/05\/two-confident-business-man-shaking-hands-during-a-meeting-in-the-office-success-dealing-greeting-and-partner-concept-1024x683.jpg\" alt=\"\" class=\"wp-image-422\" style=\"width:512px;height:342px\" srcset=\"https:\/\/immobilienankauf-muensterland.de\/wp-content\/uploads\/2022\/05\/two-confident-business-man-shaking-hands-during-a-meeting-in-the-office-success-dealing-greeting-and-partner-concept-1024x683.jpg 1024w, https:\/\/immobilienankauf-muensterland.de\/wp-content\/uploads\/2022\/05\/two-confident-business-man-shaking-hands-during-a-meeting-in-the-office-success-dealing-greeting-and-partner-concept-300x200.jpg 300w, https:\/\/immobilienankauf-muensterland.de\/wp-content\/uploads\/2022\/05\/two-confident-business-man-shaking-hands-during-a-meeting-in-the-office-success-dealing-greeting-and-partner-concept-768x512.jpg 768w, https:\/\/immobilienankauf-muensterland.de\/wp-content\/uploads\/2022\/05\/two-confident-business-man-shaking-hands-during-a-meeting-in-the-office-success-dealing-greeting-and-partner-concept-1536x1024.jpg 1536w, https:\/\/immobilienankauf-muensterland.de\/wp-content\/uploads\/2022\/05\/two-confident-business-man-shaking-hands-during-a-meeting-in-the-office-success-dealing-greeting-and-partner-concept-2048x1365.jpg 2048w\" sizes=\"auto, (max-width: 1024px) 100vw, 1024px\" \/><\/figure>\n\n\n\n<h1 class=\"wp-block-heading\">Welche Objekte suchen wir?<\/h1>\n\n\n\n<p>Interessant sind f\u00fcr uns Objekte mit einem gewissen Entwicklungspotenzial. Dazu geh\u00f6ren besonders Immobilien, die einen Sanierungs- oder Renovierungsstau besitzen. Wir lieben es, die Herausforderungen eines Mehrfamilienhauses zu l\u00f6sen und das Objekt langfristig zu entwickeln. Gerne d\u00fcrfen Sie uns &#8222;Problemimmobilien&#8220; anbieten, welche zum Beispiel eine angespannte Mieterstruktur oder einen Leerstand besitzen. <\/p>\n\n\n\n<p>Grunds\u00e4tzlich sind wir an Immobilien interessiert, welche die folgenden Parameter aufweisen: <\/p>\n\n\n\n<ul class=\"wp-block-list\">\n<li>Wir suchen Mehrfamilienh\u00e4user, Wohn- und Gesch\u00e4ftsh\u00e4user, Reihenh\u00e4user, Einfamilienh\u00e4user, Doppelhaush\u00e4lften, Grundst\u00fccke, Garagenparks, Parkplatzanlagen &amp; Immobilienpakete<\/li>\n\n\n\n<li>Optimal w\u00e4re ein Standort im M\u00fcnsterland, konkret in den Kreisen Borken, Coesfeld, M\u00fcnster und Steinfurt. Dar\u00fcber hinaus ist auch das Ruhrgebiet (besonders die Stadt Essen im Bereich s\u00fcdlich der A40), die Stadt Osnabr\u00fcck und der Gro\u00dfraum Wuppertal sehr interessant f\u00fcr uns<\/li>\n\n\n\n<li>Wir kaufen nur Objekte auf einem Eigentumsgrundst\u00fcck<\/li>\n<\/ul>\n\n\n\n<h1 class=\"wp-block-heading\">Sie haben ein Immobilienangebot f\u00fcr uns?<\/h1>\n\n\n\n<p>Kontaktieren Sie uns gerne unverbindlich unter <strong>02867 \/ 2124010 <\/strong>oder schreiben uns eine Nachricht:<\/p>\n\n\n\n<div class=\"wp-block-contact-form-7-contact-form-selector\">\n<div class=\"wpcf7 no-js\" id=\"wpcf7-f90-o1\" lang=\"de-DE\" dir=\"ltr\" data-wpcf7-id=\"90\">\n<div class=\"screen-reader-response\"><p role=\"status\" aria-live=\"polite\" aria-atomic=\"true\"><\/p> <ul><\/ul><\/div>\n<form action=\"\/index.php?rest_route=%2Fwp%2Fv2%2Fpages%2F36#wpcf7-f90-o1\" method=\"post\" class=\"wpcf7-form init\" aria-label=\"Kontaktformular\" enctype=\"multipart\/form-data\" novalidate=\"novalidate\" data-status=\"init\">\n<fieldset class=\"hidden-fields-container\"><input type=\"hidden\" name=\"_wpcf7\" value=\"90\" \/><input type=\"hidden\" name=\"_wpcf7_version\" value=\"6.1.5\" \/><input type=\"hidden\" name=\"_wpcf7_locale\" value=\"de_DE\" \/><input type=\"hidden\" name=\"_wpcf7_unit_tag\" value=\"wpcf7-f90-o1\" \/><input type=\"hidden\" name=\"_wpcf7_container_post\" value=\"0\" \/><input type=\"hidden\" name=\"_wpcf7_posted_data_hash\" value=\"\" \/><input type=\"hidden\" name=\"_wpcf7_recaptcha_response\" value=\"\" \/>\n<\/fieldset>\n<p><label> Ihr Name (Pflichtfeld)<br \/>\n<span class=\"wpcf7-form-control-wrap\" data-name=\"your-name\"><input size=\"40\" maxlength=\"400\" class=\"wpcf7-form-control wpcf7-text wpcf7-validates-as-required\" aria-required=\"true\" aria-invalid=\"false\" value=\"\" type=\"text\" name=\"your-name\" \/><\/span> <\/label>\n<\/p>\n<p><label> Ihre E-Mail-Adresse<br \/>\n<span class=\"wpcf7-form-control-wrap\" data-name=\"your-email\"><input size=\"40\" maxlength=\"400\" class=\"wpcf7-form-control wpcf7-email wpcf7-text wpcf7-validates-as-email\" aria-invalid=\"false\" value=\"\" type=\"email\" name=\"your-email\" \/><\/span> <\/label>\n<\/p>\n<p><label> Ihre Telefonnummer (Pflichtfeld)<br \/>\n<span class=\"wpcf7-form-control-wrap\" data-name=\"tel-806\"><input size=\"40\" maxlength=\"400\" class=\"wpcf7-form-control wpcf7-tel wpcf7-validates-as-required wpcf7-text wpcf7-validates-as-tel\" aria-required=\"true\" aria-invalid=\"false\" placeholder=\"Ihre Telefonnummer\" value=\"\" type=\"tel\" name=\"tel-806\" \/><\/span><\/label>\n<\/p>\n<p><label> Ihr Immobilienangebot (Pflichtfeld)<br \/>\n<span class=\"wpcf7-form-control-wrap\" data-name=\"your-message\"><textarea cols=\"40\" rows=\"10\" maxlength=\"2000\" class=\"wpcf7-form-control wpcf7-textarea wpcf7-validates-as-required\" aria-required=\"true\" aria-invalid=\"false\" placeholder=\"Bitte beschreiben Sie uns ihr Immobilienangebot mit kurzen Stichpunkten. Zum Beispiel k\u00f6nnen Sie uns Informationen geben zu der Adresse, der gesamten Wohnfl\u00e4che, der Grundst\u00fccksgr\u00f6\u00dfe, der aktuellen Nettojahresmiete sowie zur Kaufpreisvorstellung; Gerne k\u00f6nnen Sie auch einige Fotos der Immobilie an die Nachricht anh\u00e4ngen\" name=\"your-message\"><\/textarea><\/span> <\/label>\n<\/p>\n<p><label> Anhang<br \/>\n<span class=\"wpcf7-form-control-wrap\" data-name=\"Anhang\"><input size=\"40\" class=\"wpcf7-form-control wpcf7-file\" accept=\".pdf,.jpg,.jpeg,.png,.docx,.doc\" aria-invalid=\"false\" type=\"file\" name=\"Anhang\" \/><\/span> <\/label>\n<\/p>\n<p><input class=\"wpcf7-form-control wpcf7-submit has-spinner\" type=\"submit\" value=\"Absenden\" \/>\n<\/p><div class=\"wpcf7-response-output\" aria-hidden=\"true\"><\/div>\n<\/form>\n<\/div>\n<\/div>\n\n\n\n<p><\/p>\n\n\n\n<h1 class=\"wp-block-heading\">Wir freuen uns auf Sie!<\/h1>\n\n\n\n<p><\/p>\n","protected":false},"excerpt":{"rendered":"<p>Warum sollten Sie als Makler mit uns zusammen arbeiten? Wir wertsch\u00e4tzen Ihre Arbeit und sind sehr dankbar daf\u00fcr, wenn Sie mit einem konkreten Immobilienangebot auf uns zukommen. Wir sehen Sie [&hellip;]<\/p>\n","protected":false},"author":1,"featured_media":0,"parent":0,"menu_order":0,"comment_status":"closed","ping_status":"closed","template":"","meta":{"footnotes":""},"class_list":["post-36","page","type-page","status-publish","hentry"],"blocksy_meta":{"styles_descriptor":{"styles":{"desktop":"","tablet":"","mobile":""},"google_fonts":[],"version":6}},"_links":{"self":[{"href":"https:\/\/immobilienankauf-muensterland.de\/index.php?rest_route=\/wp\/v2\/pages\/36","targetHints":{"allow":["GET"]}}],"collection":[{"href":"https:\/\/immobilienankauf-muensterland.de\/index.php?rest_route=\/wp\/v2\/pages"}],"about":[{"href":"https:\/\/immobilienankauf-muensterland.de\/index.php?rest_route=\/wp\/v2\/types\/page"}],"author":[{"embeddable":true,"href":"https:\/\/immobilienankauf-muensterland.de\/index.php?rest_route=\/wp\/v2\/users\/1"}],"replies":[{"embeddable":true,"href":"https:\/\/immobilienankauf-muensterland.de\/index.php?rest_route=%2Fwp%2Fv2%2Fcomments&post=36"}],"version-history":[{"count":19,"href":"https:\/\/immobilienankauf-muensterland.de\/index.php?rest_route=\/wp\/v2\/pages\/36\/revisions"}],"predecessor-version":[{"id":477,"href":"https:\/\/immobilienankauf-muensterland.de\/index.php?rest_route=\/wp\/v2\/pages\/36\/revisions\/477"}],"wp:attachment":[{"href":"https:\/\/immobilienankauf-muensterland.de\/index.php?rest_route=%2Fwp%2Fv2%2Fmedia&parent=36"}],"curies":[{"name":"wp","href":"https:\/\/api.w.org\/{rel}","templated":true}]}}