{"id":35,"date":"2020-11-14T11:38:56","date_gmt":"2020-11-14T11:38:56","guid":{"rendered":"https:\/\/immobilienankauf-muensterland.de\/?page_id=35"},"modified":"2023-10-13T20:02:55","modified_gmt":"2023-10-13T20:02:55","slug":"immobilienankauf-von-privat","status":"publish","type":"page","link":"https:\/\/immobilienankauf-muensterland.de\/?page_id=35","title":{"rendered":"Ankauf von Privatleuten"},"content":{"rendered":"\n<h2 class=\"wp-block-heading\">Sie sind privater Immobilienbesitzer und m\u00f6chten die Verantwortung einer Immobilie abgeben?<\/h2>\n\n\n\n<p>Wir w\u00fcrden uns sehr freuen, wenn wir die Verantwortung f\u00fcr Ihre Immobilie \u00fcbernehmen d\u00fcrfen. Sehr interessant sind f\u00fcr uns zum Beispiel Objekte mit einem Sanierungs- oder Renovierungsstau, weil wir diese Herausforderungen lieben. Es stehen Investitionen an, die Sie nicht mehr t\u00e4tigen m\u00f6chten? Diese t\u00e4tigen wir gerne f\u00fcr Sie. Zudem arbeiten wir an individuellen L\u00f6sungskonzepten f\u00fcr schwierige F\u00e4lle in Ihrem Mehrfamilienhaus und scheuen uns nicht davor, herausfordernde Objekte zu betreuen. Ebenfalls ist es f\u00fcr uns kein Problem, wenn Sie einen Leerstand in dem Objekt haben.  <\/p>\n\n\n\n<h1 class=\"wp-block-heading\">Sie m\u00f6chten Ihre Zeit lieber in etwas anderes investieren, als in die Betreuung des Objekts? <\/h1>\n\n\n\n<p>Durch den Ankauf Ihrer Immobilie, bieten wir Ihnen die M\u00f6glichkeit, Ihre Zeit anders zu nutzen, weil die Betreuung des Mehrfamilienhauses dann nicht mehr von Ihnen gefordert wird. F\u00fcr uns ist es selbstverst\u00e4ndlich, dass wir f\u00fcr die Mieter jederzeit erreichbar sind. Dadurch, dass wir die Objekte selbst betreuen und verwalten, bauen wir enge Beziehungen zu den Mietern auf und haben gro\u00dfes Interesse daran, deren Bed\u00fcrfnisse zu erf\u00fcllen. Damit wissen Sie Ihre Mieter in guten H\u00e4nden, sodass diese sich ebenfalls mit dem Verkauf des Objekts wohl f\u00fchlen. Wir freuen uns sehr, durch die Verwaltung Ihres Mehrfamilienhauses viele verschiedene Menschentypen kennen lernen zu d\u00fcrfen. Jede Mietpartei bietet andere Herausforderungen und durch unsere Erfahrungen k\u00f6nnen wir diese schnell, unkompliziert und fair l\u00f6sen. <\/p>\n\n\n\n<h1 class=\"wp-block-heading\">Sie haben ein bestimmtes Projekt geplant und ben\u00f6tigen daf\u00fcr Kapital?<\/h1>\n\n\n\n<p>Wir d\u00fcrfen schon einige Jahre investieren und haben uns dadurch ehrliche sowie solide Kontakte zu unseren Banken aufgebaut. Dadurch bekommen wir schnelle Finanzierungszusagen und k\u00f6nnen einen Ankauf innerhalb k\u00fcrzester Zeit realisieren. Somit wird der Verkaufsprozess Ihrer Immobilie schnell und unkompliziert durchgef\u00fchrt und Sie k\u00f6nnen sich mit dem gewonnen Kapital ihrem pers\u00f6nlichen Projekt widmen. <\/p>\n\n\n\n<figure class=\"wp-block-image aligncenter size-large is-resized is-style-rounded\"><img loading=\"lazy\" decoding=\"async\" width=\"1024\" height=\"768\" src=\"https:\/\/immobilienankauf-muensterland.de\/wp-content\/uploads\/2022\/05\/IMG_3392-1024x768.jpg\" alt=\"\" class=\"wp-image-418\" style=\"width:578px;height:434px\" srcset=\"https:\/\/immobilienankauf-muensterland.de\/wp-content\/uploads\/2022\/05\/IMG_3392-1024x768.jpg 1024w, https:\/\/immobilienankauf-muensterland.de\/wp-content\/uploads\/2022\/05\/IMG_3392-300x225.jpg 300w, https:\/\/immobilienankauf-muensterland.de\/wp-content\/uploads\/2022\/05\/IMG_3392-768x576.jpg 768w, https:\/\/immobilienankauf-muensterland.de\/wp-content\/uploads\/2022\/05\/IMG_3392-1536x1152.jpg 1536w, https:\/\/immobilienankauf-muensterland.de\/wp-content\/uploads\/2022\/05\/IMG_3392-2048x1536.jpg 2048w\" sizes=\"auto, (max-width: 1024px) 100vw, 1024px\" \/><figcaption class=\"wp-element-caption\">    <\/figcaption><\/figure>\n\n\n\n<h1 class=\"wp-block-heading\">Diese Parameter sind uns bei einer Immobilie wichtig: <\/h1>\n\n\n\n<ul class=\"wp-block-list\">\n<li>Wir suchen Mehrfamilienh\u00e4user, Wohn- und Gesch\u00e4ftsh\u00e4user, Reihenh\u00e4user, Einfamilienh\u00e4user, Doppelhaush\u00e4lften, Grundst\u00fccke, Garagenparks, Parkplatzanlagen &amp; Immobilienpakete<\/li>\n\n\n\n<li>Optimal w\u00e4re ein Standort im M\u00fcnsterland, konkret in den Kreisen Borken, Coesfeld, M\u00fcnster und Steinfurt. Dar\u00fcber hinaus ist auch das Ruhrgebiet (besonders die Stadt Essen im Bereich s\u00fcdlich der A40), die Stadt Osnabr\u00fcck und der Gro\u00dfraum Wuppertal sehr interessant f\u00fcr uns<\/li>\n\n\n\n<li>Wir kaufen nur Objekte auf einem Eigentumsgrundst\u00fcck<\/li>\n<\/ul>\n\n\n\n<h1 class=\"wp-block-heading\">Sie haben ein Immobilienangebot f\u00fcr uns?  <\/h1>\n\n\n\n<p>Kontaktieren Sie uns gerne unverbindlich unter <strong>02867 \/ 2124010 <\/strong>oder schreiben uns eine Nachricht:<\/p>\n\n\n\n<div class=\"wp-block-contact-form-7-contact-form-selector\">\n<div class=\"wpcf7 no-js\" id=\"wpcf7-f90-o1\" lang=\"de-DE\" dir=\"ltr\" data-wpcf7-id=\"90\">\n<div class=\"screen-reader-response\"><p role=\"status\" aria-live=\"polite\" aria-atomic=\"true\"><\/p> <ul><\/ul><\/div>\n<form action=\"\/index.php?rest_route=%2Fwp%2Fv2%2Fpages%2F35#wpcf7-f90-o1\" method=\"post\" class=\"wpcf7-form init\" aria-label=\"Kontaktformular\" enctype=\"multipart\/form-data\" novalidate=\"novalidate\" data-status=\"init\">\n<fieldset class=\"hidden-fields-container\"><input type=\"hidden\" name=\"_wpcf7\" value=\"90\" \/><input type=\"hidden\" name=\"_wpcf7_version\" value=\"6.1.5\" \/><input type=\"hidden\" name=\"_wpcf7_locale\" value=\"de_DE\" \/><input type=\"hidden\" name=\"_wpcf7_unit_tag\" value=\"wpcf7-f90-o1\" \/><input type=\"hidden\" name=\"_wpcf7_container_post\" value=\"0\" \/><input type=\"hidden\" name=\"_wpcf7_posted_data_hash\" value=\"\" \/><input type=\"hidden\" name=\"_wpcf7_recaptcha_response\" value=\"\" \/>\n<\/fieldset>\n<p><label> Ihr Name (Pflichtfeld)<br \/>\n<span class=\"wpcf7-form-control-wrap\" data-name=\"your-name\"><input size=\"40\" maxlength=\"400\" class=\"wpcf7-form-control wpcf7-text wpcf7-validates-as-required\" aria-required=\"true\" aria-invalid=\"false\" value=\"\" type=\"text\" name=\"your-name\" \/><\/span> <\/label>\n<\/p>\n<p><label> Ihre E-Mail-Adresse<br \/>\n<span class=\"wpcf7-form-control-wrap\" data-name=\"your-email\"><input size=\"40\" maxlength=\"400\" class=\"wpcf7-form-control wpcf7-email wpcf7-text wpcf7-validates-as-email\" aria-invalid=\"false\" value=\"\" type=\"email\" name=\"your-email\" \/><\/span> <\/label>\n<\/p>\n<p><label> Ihre Telefonnummer (Pflichtfeld)<br \/>\n<span class=\"wpcf7-form-control-wrap\" data-name=\"tel-806\"><input size=\"40\" maxlength=\"400\" class=\"wpcf7-form-control wpcf7-tel wpcf7-validates-as-required wpcf7-text wpcf7-validates-as-tel\" aria-required=\"true\" aria-invalid=\"false\" placeholder=\"Ihre Telefonnummer\" value=\"\" type=\"tel\" name=\"tel-806\" \/><\/span><\/label>\n<\/p>\n<p><label> Ihr Immobilienangebot (Pflichtfeld)<br \/>\n<span class=\"wpcf7-form-control-wrap\" data-name=\"your-message\"><textarea cols=\"40\" rows=\"10\" maxlength=\"2000\" class=\"wpcf7-form-control wpcf7-textarea wpcf7-validates-as-required\" aria-required=\"true\" aria-invalid=\"false\" placeholder=\"Bitte beschreiben Sie uns ihr Immobilienangebot mit kurzen Stichpunkten. Zum Beispiel k\u00f6nnen Sie uns Informationen geben zu der Adresse, der gesamten Wohnfl\u00e4che, der Grundst\u00fccksgr\u00f6\u00dfe, der aktuellen Nettojahresmiete sowie zur Kaufpreisvorstellung; Gerne k\u00f6nnen Sie auch einige Fotos der Immobilie an die Nachricht anh\u00e4ngen\" name=\"your-message\"><\/textarea><\/span> <\/label>\n<\/p>\n<p><label> Anhang<br \/>\n<span class=\"wpcf7-form-control-wrap\" data-name=\"Anhang\"><input size=\"40\" class=\"wpcf7-form-control wpcf7-file\" accept=\".pdf,.jpg,.jpeg,.png,.docx,.doc\" aria-invalid=\"false\" type=\"file\" name=\"Anhang\" \/><\/span> <\/label>\n<\/p>\n<p><input class=\"wpcf7-form-control wpcf7-submit has-spinner\" type=\"submit\" value=\"Absenden\" \/>\n<\/p><div class=\"wpcf7-response-output\" aria-hidden=\"true\"><\/div>\n<\/form>\n<\/div>\n<\/div>\n\n\n\n<p><\/p>\n\n\n\n<h1 class=\"wp-block-heading\">Wir freuen uns auf Sie!<\/h1>\n\n\n\n<p><\/p>\n\n\n\n<h2 class=\"wp-block-heading\"><\/h2>\n","protected":false},"excerpt":{"rendered":"<p>Sie sind privater Immobilienbesitzer und m\u00f6chten die Verantwortung einer Immobilie abgeben? Wir w\u00fcrden uns sehr freuen, wenn wir die Verantwortung f\u00fcr Ihre Immobilie \u00fcbernehmen d\u00fcrfen. Sehr interessant sind f\u00fcr uns [&hellip;]<\/p>\n","protected":false},"author":1,"featured_media":0,"parent":0,"menu_order":0,"comment_status":"closed","ping_status":"closed","template":"","meta":{"footnotes":""},"class_list":["post-35","page","type-page","status-publish","hentry"],"blocksy_meta":{"styles_descriptor":{"styles":{"desktop":"","tablet":"","mobile":""},"google_fonts":[],"version":6}},"_links":{"self":[{"href":"https:\/\/immobilienankauf-muensterland.de\/index.php?rest_route=\/wp\/v2\/pages\/35","targetHints":{"allow":["GET"]}}],"collection":[{"href":"https:\/\/immobilienankauf-muensterland.de\/index.php?rest_route=\/wp\/v2\/pages"}],"about":[{"href":"https:\/\/immobilienankauf-muensterland.de\/index.php?rest_route=\/wp\/v2\/types\/page"}],"author":[{"embeddable":true,"href":"https:\/\/immobilienankauf-muensterland.de\/index.php?rest_route=\/wp\/v2\/users\/1"}],"replies":[{"embeddable":true,"href":"https:\/\/immobilienankauf-muensterland.de\/index.php?rest_route=%2Fwp%2Fv2%2Fcomments&post=35"}],"version-history":[{"count":36,"href":"https:\/\/immobilienankauf-muensterland.de\/index.php?rest_route=\/wp\/v2\/pages\/35\/revisions"}],"predecessor-version":[{"id":476,"href":"https:\/\/immobilienankauf-muensterland.de\/index.php?rest_route=\/wp\/v2\/pages\/35\/revisions\/476"}],"wp:attachment":[{"href":"https:\/\/immobilienankauf-muensterland.de\/index.php?rest_route=%2Fwp%2Fv2%2Fmedia&parent=35"}],"curies":[{"name":"wp","href":"https:\/\/api.w.org\/{rel}","templated":true}]}}